{"id":101,"date":"2023-01-17T22:58:46","date_gmt":"2023-01-17T21:58:46","guid":{"rendered":"https:\/\/m-tech.hu\/?page_id=101"},"modified":"2025-02-10T16:42:24","modified_gmt":"2025-02-10T15:42:24","slug":"dj-arajanlat","status":"publish","type":"page","link":"https:\/\/m-tech.hu\/index.php\/dj-arajanlat\/","title":{"rendered":"DJ \u00e1raj\u00e1nlat"},"content":{"rendered":"\n<h3>10 \u00f3r\u00e1s alap csomag (vend\u00e9gv\u00e1r\u00e1st\u00f3l kezd\u0151d\u0151en) 145.000Ft<\/h3>\n\n\n\n<ul>\n<li>First look zene, amennyiben a fot\u00f3z\u00e1s el\u0151tt m\u00e1r megl\u00e1tj\u00e1tok egym\u00e1s<\/li>\n\n\n\n<li>vend\u00e9gv\u00e1r\u00f3 zene biztos\u00edt\u00e1sa<\/li>\n\n\n\n<li>szertart\u00e1s hangos\u00edt\u00e1s alap hangos\u00edt\u00e1ssal<\/li>\n\n\n\n<li>rendezv\u00e9ny teljes dj szolg\u00e1ltat\u00e1sa b\u00e1rmilyen zenei ig\u00e9nnyel<\/li>\n<\/ul>\n\n\n\n<h3>Alap csomag ut\u00e1ni hosszabb\u00edt\u00e1s 30.000ft\/\u00f3ra<\/h3>\n\n\n\n<h1>Hangos\u00edt\u00e1sok<\/h1>\n\n\n\n<h3>Polg\u00e1ri vagy egyh\u00e1zi szertart\u00e1s hangos\u00edt\u00e1s<\/h3>\n\n\n\n<h4><br>Alap hangos\u00edt\u00e1s (alap csomag r\u00e9sze, alap csomag n\u00e9lk\u00fcl is k\u00e9rhet\u0151 30.000Ft)<\/h4>\n\n\n\n<ul>\n<li>1db Sennheiser EW100 G4 vezet\u00e9k n\u00e9lk\u00fcli mikrofon vagy mikroport biztos\u00edt\u00e1sa<br>szertart\u00e1s vezet\u0151nek (ig\u00e9ny szerint)<\/li>\n\n\n\n<li>Hangos\u00edt\u00e1s 1db Next audiocom MV12 hangfallal<\/li>\n\n\n\n<li>Ak\u00e1r 3db Sennheiser EW100 G4 vezet\u00e9k n\u00e9lk\u00fcli mikrofon biztos\u00edt\u00e1sa szertart\u00e1s<br>vezet\u0151nek \u00e9s a p\u00e1rnak (ig\u00e9ny szerint)<\/li>\n\n\n\n<li>Ig\u00e9ny szerint szertat\u00e1s hanganyag\u00e1nak r\u00f6gz\u00edt\u00e9se vagy vide\u00f3sok sz\u00e1m\u00e1ra jelforr\u00e1s<br>biztos\u00edt\u00e1sa<br><\/li>\n<\/ul>\n\n\n\n<h2>Extra hangos\u00edt\u00e1s 45.000Ft<\/h2>\n\n\n\n<ul>\n<li>Ak\u00e1r 3db Sennheiser EW100 G4 vezet\u00e9k n\u00e9lk\u00fcli mikrofon biztos\u00edt\u00e1sa szertart\u00e1s<br>vezet\u0151nek \u00e9s a p\u00e1rnak (ig\u00e9ny szerint)<\/li>\n\n\n\n<li>Hangos\u00edt\u00e1s 1 vagy 2 db akt\u00edv top l\u00e1d\u00e1val plusz sub l\u00e1d\u00e1val<\/li>\n\n\n\n<li>Ig\u00e9ny szerint szertat\u00e1s hanganyag\u00e1nak r\u00f6gz\u00edt\u00e9se vagy vide\u00f3sok sz\u00e1m\u00e1ra jelforr\u00e1s<br>biztos\u00edt\u00e1sa<\/li>\n<\/ul>\n\n\n\n<h2>F\u00e9nytechnikai csomagok:<\/h2>\n\n\n\n<p>(Amennyiben ig\u00e9nylitek f\u00e9nytechnika szolg\u00e1ltat\u00e1saimat akkor az al\u00e1bbi \u00e1rak m\u00e1r automatikusan tartalmazz\u00e1k 1<br>f\u0151 f\u00e9nytechnikus jelenl\u00e9t\u00e9t is a rendezv\u00e9nyen a teljes 10 \u00f3r\u00e1s csomagban.)<\/p>\n\n\n\n<p>Alap csomag 65.000Ft<\/p>\n\n\n\n<ul>\n<li>14db akkumul\u00e1toros f\u00e9nyfest\u0151 l\u00e1mpa<\/li>\n\n\n\n<li>2db Led bar l\u00e1mpa<\/li>\n\n\n\n<li>2 vagy 4 db Par l\u00e1mpa<\/li>\n<\/ul>\n\n\n\n<p>K\u00f6zepes csomag 110.000Ft<\/p>\n\n\n\n<ul>\n<li>14db akkumul\u00e1toros f\u00e9nyfest\u0151 l\u00e1mpa<\/li>\n\n\n\n<li>2db Led bar l\u00e1mpa<\/li>\n\n\n\n<li>2db feh\u00e9r robotl\u00e1mpa feh\u00e9r totemoszlopon<\/li>\n\n\n\n<li>2db par l\u00e1mpa<\/li>\n\n\n\n<li>Hazer effekt<\/li>\n<\/ul>\n\n\n\n<p>Nagy csomag 150.000Ft<\/p>\n\n\n\n<ul>\n<li>14db akkumul\u00e1toros f\u00e9nyfest\u0151 l\u00e1mpa<\/li>\n\n\n\n<li>2db Led bar l\u00e1mpa<\/li>\n\n\n\n<li>4db feh\u00e9r robotl\u00e1mpa feh\u00e9r totemoszlopon<\/li>\n\n\n\n<li>4db par l\u00e1mpa<\/li>\n\n\n\n<li>Hazer effekt<\/li>\n<\/ul>\n\n\n\n<p>Extra csomag 200.000Ft<\/p>\n\n\n\n<ul>\n<li>14db akkumul\u00e1toros f\u00e9nyfest\u0151 l\u00e1mpa<\/li>\n\n\n\n<li>2db Led bar l\u00e1mpa<\/li>\n\n\n\n<li>8db feh\u00e9r robotl\u00e1mpa totemoszlopon<\/li>\n\n\n\n<li>4db par l\u00e1mpa vagy 2db wash robotl\u00e1mpa<\/li>\n\n\n\n<li>Hazer effekt<\/li>\n<\/ul>\n\n\n\n<p>V\u00e1laszt\u00e1si seg\u00e9dlet Vikt\u00f3ria Fogad\u00f3ban:<\/p>\n\n\n\n<p>Ha az esk\u00fcv\u0151t\u00f6k az \u00c9tteremben lesz akkor \u00e9n az alap csomagot tudom nektek aj\u00e1nlani, de haszeretn\u00e9tek, hogy a vide\u00f3k, k\u00e9pek \u00e9s a l\u00e1tv\u00e1ny szebb\/jobb legyen akkor a k\u00f6zepes csomagot javaslom.<br>Ha az esk\u00fcv\u0151t\u00f6k a S\u00e1torban lesz akkor \u00e9n nagy vagy extra csomagot tudom nektek aj\u00e1nlani,hogy a k\u00e9pek, vide\u00f3k, helysz\u00edn l\u00e1tv\u00e1nya t\u00f6k\u00e9letes legyen.<\/p>\n\n\n\n<h2>Hangtechnikai csomagok alap csomag mell\u00e9<\/h2>\n\n\n\n<h4>Alap csomag (alap csomag r\u00e9sze)<\/h4>\n\n\n\n<ul>\n<li>2db Next proudio PFA12 akt\u00edv top l\u00e1da<\/li>\n\n\n\n<li>2db Next proaduio PFA 18s aktiv szub l\u00e1da<br>Vagy<\/li>\n\n\n\n<li>2db Next proudio PFA12 akt\u00edv top l\u00e1da<\/li>\n\n\n\n<li>2db Next proaudio HFA15s akt\u00edv sub l\u00e1da<\/li>\n<\/ul>\n\n\n\n<p>K\u00f6zepes csomag 40.000Ft<\/p>\n\n\n\n<ul>\n<li>2db Next proaudio PFA 12 akt\u00edv top l\u00e1da<\/li>\n\n\n\n<li>2db Next proaudio HFA18sHp akt\u00edv hibrid t\u00f6lcs\u00e9res sub l\u00e1da<\/li>\n<\/ul>\n\n\n\n<p>Magas csomag 55.000Ft<\/p>\n\n\n\n<ul>\n<li>2db Next proaudio HFA15 nagyteljes\u00edtm\u00e9ny\u0171 akt\u00edv top l\u00e1da<\/li>\n\n\n\n<li>2db Next proaudio HFA18sHp akt\u00edv hibrid t\u00f6lcs\u00e9res sub l\u00e1da<\/li>\n<\/ul>\n\n\n\n<p>Extra csomag 70.000Ft<\/p>\n\n\n\n<ul>\n<li>2db Next proaudio HFA15 nagyteljes\u00edtm\u00e9ny\u0171 akt\u00edv top l\u00e1da<\/li>\n\n\n\n<li>4db Next proaudio HFA18sHp akt\u00edv hibrid t\u00f6lcs\u00e9res sub l\u00e1da<\/li>\n<\/ul>\n\n\n\n<h4>V\u00e1laszt\u00e1si seg\u00e9dlet Vikt\u00f3ria Fogad\u00f3ban:<\/h4>\n\n\n\n<p>Ha az esk\u00fcv\u0151t\u00f6k az \u00c9tteremben lesz \u00e9s szeretn\u00e9tek komolyabb hangz\u00e1st akkor \u00e9n k\u00f6zepes<br>csomagot tudom nektek aj\u00e1nlani.<br>Ha az esk\u00fcv\u0151t\u00f6k a S\u00e1torba lesz \u00e9s szeretn\u00e9tek komolyabb vagy extra hangz\u00e1st akkor \u00e9n<br>magas vagy az extra csomagot tudom nektek aj\u00e1nlani.<\/p>\n\n\n\n<p>Az alap csomagban l\u00e9v\u0151 hangtechnika is egy pr\u00e9mium min\u0151s\u00e9g\u0171 hangtechnika.<\/p>\n\n\n\n<p> <\/p>\n\n\n\n<h2>Extra effektek nyit\u00f3t\u00e1nchoz, tort\u00e1hoz, extra produkci\u00f3hoz<\/h2>\n\n\n\n<p>Sz\u00e1razj\u00e9g szolg\u00e1ltat\u00e1s (val\u00f3di sz\u00e1razj\u00e9ggel el\u00e1ll\u00edtott neh\u00e9z k\u00f6d)<\/p>\n\n\n\n<ul>\n<li>1 alkalommal 55.000Ft<\/li>\n\n\n\n<li>2 alkalommal 75.000Ft<\/li>\n<\/ul>\n\n\n\n<p>Hidegszikra szolg\u00e1ltat\u00e1s (2db 5m magas hidegszikra oszlop, ami<br>teljesen biztons\u00e1gos)<\/p>\n\n\n\n<ul>\n<li>1 alkalommal 55.000Ft<\/li>\n\n\n\n<li>2 alkalommal 75.000Ft<\/li>\n<\/ul>\n\n\n\n<p>Vide\u00f3 levet\u00edt\u00e9se, v\u00e1g\u00e1sa\/elk\u00e9sz\u00edt\u00e9se, hangos\u00edt\u00e1sa<\/p>\n\n\n\n<ul>\n<li>Hozott vide\u00f3anyag levet\u00edt\u00e9se projektorral, vagy nagy Tv vel,<br>vide\u00f3anyag hangos\u00edt\u00e1sa: 20.000ft<\/li>\n\n\n\n<li>Vide\u00f3anyag elk\u00e9sz\u00edt\u00e9se, v\u00e1g\u00e1sa: 25-40.000Ft (megbesz\u00e9l\u00e9s<br>alapj\u00e1n)<\/li>\n<\/ul>\n\n\n\n<p>A felt\u00fcntetett \u00e1rak az \u00c1FA-t tartalmazzak \u00e9s a Vikt\u00f3ria fogad\u00f3 ter\u00fclet\u00e9n<br>\u00e9rv\u00e9nyesek.<br>K\u00fcls\u0151 helysz\u00edn eset\u00e9n plusz technikai d\u00edjat sz\u00e1molunk fel: 15.000Ft, valamint<br>kisz\u00e1ll\u00e1si d\u00edjat 200Ft\/Km In\u00e1rcst\u00f3l sz\u00e1m\u00edtva.<br>A szolg\u00e1ltat\u00e1sok orsz\u00e1gszerte el\u00e9thet\u0151ek.<\/p>\n\n\n\n<p>M-Tech, Marcellsound 2025.<\/p>\n","protected":false},"excerpt":{"rendered":"<p>10 \u00f3r\u00e1s alap csomag (vend\u00e9gv\u00e1r\u00e1st\u00f3l kezd\u0151d\u0151en) 145.000Ft Alap csomag ut\u00e1ni hosszabb\u00edt\u00e1s 30.000ft\/\u00f3ra Hangos\u00edt\u00e1sok Polg\u00e1ri vagy egyh\u00e1zi szertart\u00e1s hangos\u00edt\u00e1s Alap hangos\u00edt\u00e1s (alap csomag r\u00e9sze, alap csomag n\u00e9lk\u00fcl is k\u00e9rhet\u0151 30.000Ft) Extra hangos\u00edt\u00e1s 45.000Ft F\u00e9nytechnikai csomagok: (Amennyiben ig\u00e9nylitek f\u00e9nytechnika szolg\u00e1ltat\u00e1saimat akkor az al\u00e1bbi \u00e1rak m\u00e1r automatikusan tartalmazz\u00e1k 1f\u0151 f\u00e9nytechnikus jelenl\u00e9t\u00e9t is a rendezv\u00e9nyen a teljes 10 \u00f3r\u00e1s [&hellip;]<\/p>\n","protected":false},"author":1,"featured_media":0,"parent":0,"menu_order":0,"comment_status":"closed","ping_status":"closed","template":"","meta":[],"_links":{"self":[{"href":"https:\/\/m-tech.hu\/index.php\/wp-json\/wp\/v2\/pages\/101"}],"collection":[{"href":"https:\/\/m-tech.hu\/index.php\/wp-json\/wp\/v2\/pages"}],"about":[{"href":"https:\/\/m-tech.hu\/index.php\/wp-json\/wp\/v2\/types\/page"}],"author":[{"embeddable":true,"href":"https:\/\/m-tech.hu\/index.php\/wp-json\/wp\/v2\/users\/1"}],"replies":[{"embeddable":true,"href":"https:\/\/m-tech.hu\/index.php\/wp-json\/wp\/v2\/comments?post=101"}],"version-history":[{"count":3,"href":"https:\/\/m-tech.hu\/index.php\/wp-json\/wp\/v2\/pages\/101\/revisions"}],"predecessor-version":[{"id":206,"href":"https:\/\/m-tech.hu\/index.php\/wp-json\/wp\/v2\/pages\/101\/revisions\/206"}],"wp:attachment":[{"href":"https:\/\/m-tech.hu\/index.php\/wp-json\/wp\/v2\/media?parent=101"}],"curies":[{"name":"wp","href":"https:\/\/api.w.org\/{rel}","templated":true}]}}