{"id":13,"date":"2022-12-19T16:26:25","date_gmt":"2022-12-19T15:26:25","guid":{"rendered":"https:\/\/m-tech.hu\/?page_id=13"},"modified":"2023-01-02T14:27:24","modified_gmt":"2023-01-02T13:27:24","slug":"kapcsolat","status":"publish","type":"page","link":"https:\/\/m-tech.hu\/index.php\/kapcsolat\/","title":{"rendered":"Kapcsolat"},"content":{"rendered":"\n<p>Telefonsz\u00e1m:  +36-30-585-8371<\/p>\n\n\n\n<p>e-mail: <a href=\"mailto:info@m-tech.hu\" target=\"_blank\" rel=\"noreferrer noopener\">info@m-tech.hu<\/a><\/p>\n\n\n\n<p>Sz\u00e9khely: 2351 Als\u00f3n\u00e9medi, Liliom u. 12.<\/p>\n\n\n\n<figure class=\"wp-block-image size-large\"><img decoding=\"async\" loading=\"lazy\" width=\"1024\" height=\"683\" src=\"http:\/\/m-tech.hu\/wp-content\/uploads\/2023\/01\/DRB05960-1024x683.jpg\" alt=\"\" class=\"wp-image-39\" srcset=\"https:\/\/m-tech.hu\/wp-content\/uploads\/2023\/01\/DRB05960-1024x683.jpg 1024w, https:\/\/m-tech.hu\/wp-content\/uploads\/2023\/01\/DRB05960-300x200.jpg 300w, https:\/\/m-tech.hu\/wp-content\/uploads\/2023\/01\/DRB05960-768x512.jpg 768w, https:\/\/m-tech.hu\/wp-content\/uploads\/2023\/01\/DRB05960-1536x1024.jpg 1536w, https:\/\/m-tech.hu\/wp-content\/uploads\/2023\/01\/DRB05960-2048x1365.jpg 2048w, https:\/\/m-tech.hu\/wp-content\/uploads\/2023\/01\/DRB05960-272x182.jpg 272w\" sizes=\"(max-width: 1024px) 100vw, 1024px\" \/><\/figure>\n\n\n\n<div class=\"wp-block-contact-form-7-contact-form-selector\"><div class=\"wpcf7 no-js\" id=\"wpcf7-f72-o1\" lang=\"hu-HU\" dir=\"ltr\">\n<div class=\"screen-reader-response\"><p role=\"status\" aria-live=\"polite\" aria-atomic=\"true\"><\/p> <ul><\/ul><\/div>\n<form action=\"\/index.php\/wp-json\/wp\/v2\/pages\/13#wpcf7-f72-o1\" method=\"post\" class=\"wpcf7-form init\" aria-label=\"Kapcsolatfelv\u00e9teli \u0171rlap\" novalidate=\"novalidate\" data-status=\"init\">\n<div style=\"display: none;\">\n<input type=\"hidden\" name=\"_wpcf7\" value=\"72\" \/>\n<input type=\"hidden\" name=\"_wpcf7_version\" value=\"5.7.2\" \/>\n<input type=\"hidden\" name=\"_wpcf7_locale\" value=\"hu_HU\" \/>\n<input type=\"hidden\" name=\"_wpcf7_unit_tag\" value=\"wpcf7-f72-o1\" \/>\n<input type=\"hidden\" name=\"_wpcf7_container_post\" value=\"0\" \/>\n<input type=\"hidden\" name=\"_wpcf7_posted_data_hash\" value=\"\" \/>\n<\/div>\n<p><label> N\u00e9v<br \/>\n<span class=\"wpcf7-form-control-wrap\" data-name=\"your-name\"><input size=\"40\" class=\"wpcf7-form-control wpcf7-text wpcf7-validates-as-required\" autocomplete=\"name\" aria-required=\"true\" aria-invalid=\"false\" value=\"\" type=\"text\" name=\"your-name\" \/><\/span> <\/label>\n<\/p>\n<p><label> E-mail c\u00edm<br \/>\n<span class=\"wpcf7-form-control-wrap\" data-name=\"your-email\"><input size=\"40\" class=\"wpcf7-form-control wpcf7-text wpcf7-email wpcf7-validates-as-required wpcf7-validates-as-email\" autocomplete=\"email\" aria-required=\"true\" aria-invalid=\"false\" value=\"\" type=\"email\" name=\"your-email\" \/><\/span> <\/label>\n<\/p>\n<p><label> T\u00e1rgy<br \/>\n<span class=\"wpcf7-form-control-wrap\" data-name=\"your-subject\"><input size=\"40\" class=\"wpcf7-form-control wpcf7-text wpcf7-validates-as-required\" aria-required=\"true\" aria-invalid=\"false\" value=\"\" type=\"text\" name=\"your-subject\" \/><\/span> <\/label>\n<\/p>\n<p><label> \u00dczenet (nem k\u00f6telez\u0151)<br \/>\n<span class=\"wpcf7-form-control-wrap\" data-name=\"your-message\"><textarea cols=\"40\" rows=\"10\" class=\"wpcf7-form-control wpcf7-textarea\" aria-invalid=\"false\" name=\"your-message\"><\/textarea><\/span> <\/label>\n<\/p>\n<p><input class=\"wpcf7-form-control has-spinner wpcf7-submit\" type=\"submit\" value=\"Bek\u00fcld\u00e9s\" \/>\n<\/p><div class=\"wpcf7-response-output\" aria-hidden=\"true\"><\/div><\/form><\/div><\/div>\n","protected":false},"excerpt":{"rendered":"<p>Telefonsz\u00e1m: +36-30-585-8371 e-mail: info@m-tech.hu Sz\u00e9khely: 2351 Als\u00f3n\u00e9medi, Liliom u. 12.<\/p>\n","protected":false},"author":1,"featured_media":0,"parent":0,"menu_order":0,"comment_status":"closed","ping_status":"closed","template":"","meta":[],"_links":{"self":[{"href":"https:\/\/m-tech.hu\/index.php\/wp-json\/wp\/v2\/pages\/13"}],"collection":[{"href":"https:\/\/m-tech.hu\/index.php\/wp-json\/wp\/v2\/pages"}],"about":[{"href":"https:\/\/m-tech.hu\/index.php\/wp-json\/wp\/v2\/types\/page"}],"author":[{"embeddable":true,"href":"https:\/\/m-tech.hu\/index.php\/wp-json\/wp\/v2\/users\/1"}],"replies":[{"embeddable":true,"href":"https:\/\/m-tech.hu\/index.php\/wp-json\/wp\/v2\/comments?post=13"}],"version-history":[{"count":7,"href":"https:\/\/m-tech.hu\/index.php\/wp-json\/wp\/v2\/pages\/13\/revisions"}],"predecessor-version":[{"id":90,"href":"https:\/\/m-tech.hu\/index.php\/wp-json\/wp\/v2\/pages\/13\/revisions\/90"}],"wp:attachment":[{"href":"https:\/\/m-tech.hu\/index.php\/wp-json\/wp\/v2\/media?parent=13"}],"curies":[{"name":"wp","href":"https:\/\/api.w.org\/{rel}","templated":true}]}}