{"id":9,"date":"2022-12-19T16:22:34","date_gmt":"2022-12-19T15:22:34","guid":{"rendered":"https:\/\/m-tech.hu\/?page_id=9"},"modified":"2023-01-02T20:52:23","modified_gmt":"2023-01-02T19:52:23","slug":"villanyszereles","status":"publish","type":"page","link":"https:\/\/m-tech.hu\/index.php\/villanyszereles\/","title":{"rendered":"Villanyszerel\u00e9s &#8211; elektonikai szerviz"},"content":{"rendered":"\n<figure class=\"wp-block-image size-large\"><img decoding=\"async\" loading=\"lazy\" width=\"1024\" height=\"429\" src=\"https:\/\/m-tech.hu\/wp-content\/uploads\/2023\/01\/vill2-1024x429.jpg\" alt=\"\" class=\"wp-image-68\" srcset=\"https:\/\/m-tech.hu\/wp-content\/uploads\/2023\/01\/vill2-1024x429.jpg 1024w, https:\/\/m-tech.hu\/wp-content\/uploads\/2023\/01\/vill2-300x126.jpg 300w, https:\/\/m-tech.hu\/wp-content\/uploads\/2023\/01\/vill2-768x322.jpg 768w, https:\/\/m-tech.hu\/wp-content\/uploads\/2023\/01\/vill2-1536x643.jpg 1536w, https:\/\/m-tech.hu\/wp-content\/uploads\/2023\/01\/vill2.jpg 1600w\" sizes=\"(max-width: 1024px) 100vw, 1024px\" \/><\/figure>\n\n\n\n<p><\/p>\n\n\n\n<p>Szersz\u00e1mok:<\/p>\n\n\n\n<ul>\n<li>Teljes Makita g\u00e9ppark<\/li>\n\n\n\n<li>Fluke M\u0171szerek<\/li>\n<\/ul>\n\n\n\n<figure class=\"wp-block-image size-full\"><img decoding=\"async\" loading=\"lazy\" width=\"800\" height=\"530\" src=\"https:\/\/m-tech.hu\/wp-content\/uploads\/2023\/01\/vill1.jpg\" alt=\"\" class=\"wp-image-70\" srcset=\"https:\/\/m-tech.hu\/wp-content\/uploads\/2023\/01\/vill1.jpg 800w, https:\/\/m-tech.hu\/wp-content\/uploads\/2023\/01\/vill1-300x199.jpg 300w, https:\/\/m-tech.hu\/wp-content\/uploads\/2023\/01\/vill1-768x509.jpg 768w\" sizes=\"(max-width: 800px) 100vw, 800px\" \/><\/figure>\n\n\n\n<p>Amiket v\u00e1llalok:<\/p>\n\n\n\n<ul>\n<li>Elektromos Kapuk felszerel\u00e9se<\/li>\n\n\n\n<li>Kamerarendszer kialak\u00edt\u00e1sa<\/li>\n\n\n\n<li>Kiseloszt\u00f3k, kismegszak\u00edt\u00f3k cser\u00e9je fel\u00faj\u00edt\u00e1sa<\/li>\n\n\n\n<li>Elektromos eloszt\u00f3 szekr\u00e9nyek kialak\u00edt\u00e1sa<\/li>\n\n\n\n<li>Dualjak, kapcsol\u00f3k, l\u00e1mp\u00e1k, mozg\u00e1s\u00e9rz\u00e9kel\u0151k cser\u00e9je \u00e9s felszerel\u00e9se<\/li>\n\n\n\n<li>Kl\u00edm\u00e1k, vagy m\u00e1s elektromos fogyaszt\u00f3k \u00e1ramk\u00f6reinek kialak\u00edt\u00e1sa<\/li>\n<\/ul>\n\n\n\n<p><strong>Audiotechnikai eszk\u00f6z\u00f6k szervizel\u00e9se<\/strong><\/p>\n\n\n\n<ul>\n<li>Er\u0151s\u00edt\u0151k jav\u00edt\u00e1sa, szervizel\u00e9se<\/li>\n\n\n\n<li>Hangfalak jav\u00edt\u00e1sa, szervizel\u00e9se<\/li>\n<\/ul>\n","protected":false},"excerpt":{"rendered":"<p>Szersz\u00e1mok: Amiket v\u00e1llalok: Audiotechnikai eszk\u00f6z\u00f6k szervizel\u00e9se<\/p>\n","protected":false},"author":1,"featured_media":0,"parent":0,"menu_order":0,"comment_status":"closed","ping_status":"closed","template":"","meta":[],"_links":{"self":[{"href":"https:\/\/m-tech.hu\/index.php\/wp-json\/wp\/v2\/pages\/9"}],"collection":[{"href":"https:\/\/m-tech.hu\/index.php\/wp-json\/wp\/v2\/pages"}],"about":[{"href":"https:\/\/m-tech.hu\/index.php\/wp-json\/wp\/v2\/types\/page"}],"author":[{"embeddable":true,"href":"https:\/\/m-tech.hu\/index.php\/wp-json\/wp\/v2\/users\/1"}],"replies":[{"embeddable":true,"href":"https:\/\/m-tech.hu\/index.php\/wp-json\/wp\/v2\/comments?post=9"}],"version-history":[{"count":5,"href":"https:\/\/m-tech.hu\/index.php\/wp-json\/wp\/v2\/pages\/9\/revisions"}],"predecessor-version":[{"id":95,"href":"https:\/\/m-tech.hu\/index.php\/wp-json\/wp\/v2\/pages\/9\/revisions\/95"}],"wp:attachment":[{"href":"https:\/\/m-tech.hu\/index.php\/wp-json\/wp\/v2\/media?parent=9"}],"curies":[{"name":"wp","href":"https:\/\/api.w.org\/{rel}","templated":true}]}}